{"id":1348,"date":"2020-09-14T15:17:37","date_gmt":"2020-09-14T15:17:37","guid":{"rendered":"https:\/\/va-albertoni.it\/privacy-policy\/"},"modified":"2020-11-13T17:21:47","modified_gmt":"2020-11-13T17:21:47","slug":"privacy-policy","status":"publish","type":"page","link":"https:\/\/www.va-albertoni.it\/de\/privacy-policy\/","title":{"rendered":"Privacy Policy"},"content":{"rendered":"\t\t<div data-elementor-type=\"wp-page\" data-elementor-id=\"1348\" class=\"elementor elementor-1348 elementor-3\">\n\t\t\t\t\t\t<div class=\"elementor-inner\">\n\t\t\t\t<div class=\"elementor-section-wrap\">\n\t\t\t\t\t\t\t\t\t<section class=\"elementor-section elementor-top-section elementor-element elementor-element-62dc576 elementor-section-boxed elementor-section-height-default elementor-section-height-default\" data-id=\"62dc576\" data-element_type=\"section\" data-settings=\"{&quot;jet_parallax_layout_list&quot;:[{&quot;jet_parallax_layout_image&quot;:{&quot;url&quot;:&quot;&quot;,&quot;id&quot;:&quot;&quot;,&quot;size&quot;:&quot;&quot;},&quot;_id&quot;:&quot;329bcc5&quot;,&quot;jet_parallax_layout_image_tablet&quot;:{&quot;url&quot;:&quot;&quot;,&quot;id&quot;:&quot;&quot;,&quot;size&quot;:&quot;&quot;},&quot;jet_parallax_layout_image_mobile&quot;:{&quot;url&quot;:&quot;&quot;,&quot;id&quot;:&quot;&quot;,&quot;size&quot;:&quot;&quot;},&quot;jet_parallax_layout_speed&quot;:{&quot;unit&quot;:&quot;%&quot;,&quot;size&quot;:50,&quot;sizes&quot;:[]},&quot;jet_parallax_layout_type&quot;:&quot;scroll&quot;,&quot;jet_parallax_layout_direction&quot;:null,&quot;jet_parallax_layout_fx_direction&quot;:null,&quot;jet_parallax_layout_z_index&quot;:&quot;&quot;,&quot;jet_parallax_layout_bg_x&quot;:50,&quot;jet_parallax_layout_bg_x_tablet&quot;:&quot;&quot;,&quot;jet_parallax_layout_bg_x_mobile&quot;:&quot;&quot;,&quot;jet_parallax_layout_bg_y&quot;:50,&quot;jet_parallax_layout_bg_y_tablet&quot;:&quot;&quot;,&quot;jet_parallax_layout_bg_y_mobile&quot;:&quot;&quot;,&quot;jet_parallax_layout_bg_size&quot;:&quot;auto&quot;,&quot;jet_parallax_layout_bg_size_tablet&quot;:&quot;&quot;,&quot;jet_parallax_layout_bg_size_mobile&quot;:&quot;&quot;,&quot;jet_parallax_layout_animation_prop&quot;:&quot;transform&quot;,&quot;jet_parallax_layout_on&quot;:[&quot;desktop&quot;,&quot;tablet&quot;]}]}\">\n\t\t\t\t\t\t<div class=\"elementor-container elementor-column-gap-default\">\n\t\t\t\t\t\t\t<div class=\"elementor-row\">\n\t\t\t\t\t<div class=\"elementor-column elementor-col-100 elementor-top-column elementor-element elementor-element-60d70f8\" data-id=\"60d70f8\" data-element_type=\"column\">\n\t\t\t<div class=\"elementor-column-wrap elementor-element-populated\">\n\t\t\t\t\t\t\t<div class=\"elementor-widget-wrap\">\n\t\t\t\t\t\t<div class=\"elementor-element elementor-element-4ae5a29 elementor-widget elementor-widget-heading\" data-id=\"4ae5a29\" data-element_type=\"widget\" data-widget_type=\"heading.default\">\n\t\t\t\t<div class=\"elementor-widget-container\">\n\t\t\t<h1 class=\"elementor-heading-title elementor-size-default\">Datenschutz-Bestimmungen<\/h1>\t\t<\/div>\n\t\t\t\t<\/div>\n\t\t\t\t<div class=\"elementor-element elementor-element-8d70b14 elementor-widget elementor-widget-text-editor\" data-id=\"8d70b14\" data-element_type=\"widget\" data-widget_type=\"text-editor.default\">\n\t\t\t\t<div class=\"elementor-widget-container\">\n\t\t\t\t\t\t\t\t<div class=\"elementor-text-editor elementor-clearfix\">\n\t\t\t\t<h4><strong>Informationen gem\u00e4\u00df Art. 13 des Datenschutzgesetzes<\/strong><\/h4>\n<p>Alle auf dieser Website bereitgestellten Daten werden in \u00dcbereinstimmung mit den geltenden Datenschutzbestimmungen gem\u00e4\u00df Artikel 13 des Kodex des Gesetzesdekrets 196\/2003 und der Gemeinschaft (Europ\u00e4ische Verordnung zum Schutz personenbezogener Daten Nr. 679\/2016, DSGVO) verarbeitet ) und sp\u00e4tere \u00c4nderungen. Speziell:<\/p>\n<h4><strong>Inhaber der Behandlung<\/strong><\/h4>\n<p>Der Datenverantwortliche ist VA ALBERTONI srl mit Hauptsitz in der Via Santa Rita 34, 28024 Gozzano (Nr.), Italien. Kontaktieren Sie die E-Mail info@va-albertoni.it.\nDaten verarbeitet und Zwecke\nDaten direkt vom Benutzer bereitgestellt\nDie vom Benutzer angegebenen personenbezogenen Daten werden zur Bearbeitung etwaiger Anfragen verwendet.<\/p>\n<h4><strong>Navigationsdaten<\/strong><\/h4>\n<p>Die zum Betrieb dieser Website verwendeten Computersysteme und Softwareverfahren erfassen w\u00e4hrend ihres normalen Betriebs einige personenbezogene Daten, deren \u00dcbertragung mit der Verwendung von Internetkommunikationsprotokollen verbunden ist.\nDiese Informationen werden nicht gesammelt, um mit identifizierten interessierten Parteien in Verbindung gebracht zu werden, sondern k\u00f6nnen naturgem\u00e4\u00df durch Verarbeitung und Verkn\u00fcpfung mit Daten, die von Dritten gespeichert werden, die Identifizierung von Benutzern erm\u00f6glichen. Die auf diese Weise gesammelten Daten k\u00f6nnten verwendet werden, um die Verantwortung im Falle von Computerkriminalit\u00e4t gegen die Website festzustellen.<\/p>\n<h1>Cookies<\/h1>\n<p>In Bezug auf Cookies beziehen Sie sich bitte auf die unten angegebenen spezifischen Informationen, die ebenfalls auf der Grundlage der Informationen erstellt wurden, die von der Datenschutzbeh\u00f6rde mit der Bestimmung vom 8. Mai 2014 bereitgestellt wurden.\nArt der Bereitstellung von Daten\nMit Ausnahme der Navigationsdaten, die zur Implementierung der IT- und Telematikprotokolle erforderlich sind, ist die Bereitstellung personenbezogener Daten durch die Benutzer kostenlos und optional. Wenn die Daten nicht angegeben werden, ist es jedoch unm\u00f6glich, mit den weitergeleiteten Anforderungen fortzufahren, die der Benutzer weiterleiten m\u00f6chte.<\/p>\n<p><strong>Verarbeitungsmethoden<br \/><\/strong>Der Eigent\u00fcmer verarbeitet die personenbezogenen Daten der Benutzer, indem er geeignete Sicherheitsma\u00dfnahmen ergreift, um den unbefugten Zugriff, die Offenlegung, \u00c4nderung oder Zerst\u00f6rung von personenbezogenen Daten zu verhindern.\nDie Verarbeitung erfolgt mit IT- und \/ oder Telematik-Tools, mit organisatorischen Methoden und mit einer Logik, die eng mit den angegebenen Zwecken zusammenh\u00e4ngt. Zus\u00e4tzlich zum Datenverantwortlichen k\u00f6nnen in einigen F\u00e4llen Kategorien von Mitarbeitern, die an der Organisation der Website beteiligt sind (administrative, kommerzielle, Marketing-, Rechts-, Systemadministratoren) oder externe Personen (z. B. Anbieter von technischen Diensten Dritter, Postkuriere), Zugriff auf die Daten haben. Hosting-Anbieter, IT-Unternehmen, Kommunikationsagenturen) werden bei Bedarf vom Datenverantwortlichen ebenfalls zu Datenverarbeitern ernannt. Die aktualisierte Liste der Manager kann jederzeit vom Datencontroller angefordert werden.<\/p>\n<p><strong>Platz<br \/><\/strong>Die Daten werden in den Betriebsb\u00fcros des Datenverantwortlichen und an allen anderen Orten verarbeitet, an denen sich die an der Verarbeitung beteiligten Parteien befinden. Mal\nDie Daten werden f\u00fcr die Zeit verarbeitet, die erforderlich ist, um den vom Benutzer angeforderten oder durch die in diesem Dokument beschriebenen Zweck angegebenen Dienst auszuf\u00fchren, und der Benutzer kann jederzeit die Unterbrechung der Behandlung oder die L\u00f6schung der Daten durch Senden einer E-Mail an info anfordern @ va- albertoni.it mit dem Betreff STORNIERUNG PERS\u00d6NLICHER DATEN.<\/p>\n<p><strong>Kommunikation und Verbreitung<br \/><\/strong>Die erhobenen Daten werden ohne ausdr\u00fcckliche Zustimmung des Interessenten nicht an Dritte weitergegeben oder weitergegeben, unbeschadet etwaiger gesetzlich festgelegter Anfragen der zust\u00e4ndigen Beh\u00f6rden.<\/p>\n<p><strong>Informationen und Einwilligung zur Verwendung von Cookies<br \/><\/strong>Ein Cookie ist eine kleine Textdatei, die normalerweise vom Browser gespeichert wird, wenn eine Website besucht wird. Der Text speichert Informationen, die die Site lesen kann, wenn sie anschlie\u00dfend konsultiert wird. Einige Cookies sind f\u00fcr das Funktionieren der Website selbst erforderlich, w\u00e4hrend andere f\u00fcr den Besucher n\u00fctzlich sind und von verschiedenen Websites oder Webservern (definierte &#8220;Dritte&#8221;) gesendet werden, auf denen sich m\u00f6glicherweise einige Elemente befinden, die auf der von Ihnen besuchten Website vorhanden sind (z. B.) , Spracheinstellungen, Karten, &#8230;) sicher speichern..<\/p>\n<h4><strong>Arten von Cookies<\/strong><\/h4>\n<p><strong>Technische Cookies<\/strong><br \/>Sie werden ausschlie\u00dflich zu dem Zweck verwendet, &#8220;die \u00dcbertragung einer Kommunikation \u00fcber ein elektronisches Kommunikationsnetz durchzuf\u00fchren oder als unbedingt erforderlich f\u00fcr den Anbieter eines Dienstes der Informationsgesellschaft, der ausdr\u00fccklich vom Abonnenten oder Benutzer aufgefordert wird, diesen Dienst bereitzustellen&#8221; ( siehe Art. 122, Absatz 1 des Datenschutzgesetzes). Sie werden nicht f\u00fcr andere Zwecke verwendet und normalerweise direkt vom Eigent\u00fcmer oder Manager der Website installiert. Sie k\u00f6nnen in Navigations- oder Sitzungscookies unterteilt werden, die die normale Navigation und Nutzung der Website gew\u00e4hrleisten. Analyse-Cookies, \u00e4hnlich wie technische Cookies, wenn sie direkt vom Site-Manager verwendet werden, um Informationen in aggregierter Form \u00fcber die Anzahl der Benutzer und deren Besuch auf der Site zu sammeln. Die vorherige Zustimmung der Benutzer ist f\u00fcr die Installation dieser Cookies nicht erforderlich.<br \/><strong>Profiling von Cookies<\/strong><br \/>Profiling-Cookies erstellen Benutzerprofile, mit denen Werbebotschaften gem\u00e4\u00df den Benutzereinstellungen w\u00e4hrend der Navigationsphase gesendet werden. In diesem Fall sieht die europ\u00e4ische und italienische Gesetzgebung vor, dass der Benutzer angemessen \u00fcber die Verwendung derselben informiert werden und seine Zustimmung geben muss. Kunst. 122 des Datenschutzgesetzes sieht vor, dass &#8220;die Speicherung von Informationen in den Endger\u00e4ten eines Auftragnehmers oder eines Benutzers oder der Zugriff auf bereits gespeicherte Informationen nur unter der Bedingung gestattet ist, dass der Auftragnehmer oder Benutzer seine Zustimmung nach dessen Erteilung erteilt hat wurden \u00fcber die vereinfachten Verfahren gem\u00e4\u00df Artikel 13 des Datenschutzgesetzes, Absatz 3 &#8221; informiert.<\/p>\n<p><strong>Analytics-Cookies<br \/><\/strong>Diese Website verwendet Google Analytics, einen Webanalysedienst von Google, Inc. (&#8220;Google&#8221;). Google Analytics verwendet &#8220;Cookies&#8221;, Textdateien, die auf Ihrem Computer gespeichert werden, damit die Website analysieren kann, wie Benutzer die Website nutzen. Die durch den Cookie erzeugten Informationen \u00fcber Ihre Nutzung der Website (einschlie\u00dflich Ihrer IP-Adresse) werden an die Server von Google in den USA \u00fcbertragen und dort gespeichert. Google (unabh\u00e4ngiger Datenverantwortlicher) verwendet diese Informationen, um Ihre Nutzung der Website zu verfolgen und zu untersuchen, um Berichte \u00fcber Website-Aktivit\u00e4ten f\u00fcr Website-Betreiber zu erstellen und um andere Dienste im Zusammenhang mit Website-Aktivit\u00e4ten und -Nutzung bereitzustellen. des Internets. Google kann diese Informationen auch an Dritte weitergeben, wenn dies gesetzlich vorgeschrieben ist oder wenn diese Dritten die oben genannten Informationen im Auftrag von Google verarbeiten. Google wird Ihre IP-Adresse nicht mit anderen Daten von Google verkn\u00fcpfen. Sie k\u00f6nnen die Verwendung von Cookies ablehnen, indem Sie die entsprechende Einstellung in Ihrem Browser ausw\u00e4hlen. Dies kann jedoch dazu f\u00fchren, dass Sie nicht alle Funktionen dieser Website nutzen k\u00f6nnen. Die Cookies auf dieser Website werden elektronisch verarbeitet.\n\nDer Benutzer, der die Website zum ersten Mal besucht, sieht auf der Startseite am unteren Bildschirmrand ein Banner, das ihn dar\u00fcber informiert, dass die oben beschriebenen technischen Cookies verwendet werden. Durch Schlie\u00dfen dieses Banners, Scrollen der Seite, Klicken auf einen Link oder Weiteres Surfen auf andere Weise stimmt der Benutzer der Verwendung von Cookies zu. Weitere detaillierte Informationen erhalten Sie, indem Sie auf den Link zur &#8220;Datenschutz- und Cookie-Richtlinie&#8221; klicken.<\/p>\n\n<h4><strong>Wie deaktiviere ich Cookies?<\/strong><\/h4>\n<p>Im Allgemeinen kann eine Site Cookies nur setzen, wenn die im Browser konfigurierten Einstellungen dies zulassen. Es ist m\u00f6glich, letzteres zu \u00e4ndern, um Cookies zu deaktivieren. Beachten Sie jedoch, dass dies das ordnungsgem\u00e4\u00dfe Funktionieren der Navigation beeintr\u00e4chtigen oder verhindern kann, wenn Sie den Empfang von Cookies blockieren. Speziell:<\/p>\n<p><strong>Firefox<br \/><\/strong>\u00d6ffnen Sie Firefox\nW\u00e4hlen Sie &#8220;Extras&#8221; und dann &#8220;Optionen&#8221;. W\u00e4hlen Sie das Symbol &#8220;Datenschutz&#8221;\nKlicken Sie auf &#8220;Cookies&#8221;\nDeaktivieren Sie &#8220;Cookies von Websites akzeptieren&#8221; und speichern Sie Ihre Einstellungen<\/p>\n<p><strong>Internet Explorer<br \/><\/strong>\u00d6ffnen Sie den Internet Explorer\nKlicken Sie auf &#8220;Extras&#8221; und dann auf &#8220;Internetoptionen&#8221;.\nW\u00e4hlen Sie die Registerkarte &#8220;Datenschutz&#8221; und bewegen Sie den Schieberegler auf die gew\u00fcnschte Datenschutzstufe (nach oben, um alle Cookies zu blockieren, oder nach unten, um sie alle zuzulassen).<\/p>\n<p><strong>Google Chrome<br \/><\/strong>\u00d6ffnen Sie Google Chrome\nKlicken Sie auf &#8220;Extras&#8221;, &#8220;Einstellungen&#8221; und dann auf &#8220;Erweiterte Einstellungen&#8221;.\nW\u00e4hlen Sie &#8220;Inhaltseinstellungen&#8221; unter &#8220;Datenschutz&#8221;\nAuf der Registerkarte &#8220;Cookies und Site-Daten&#8221; k\u00f6nnen Sie bestimmte Cookies suchen und l\u00f6schen.<\/p>\n<p><strong>Safari<br \/><\/strong>\u00d6ffnen Sie Safari.\nW\u00e4hlen Sie &#8220;Einstellungen&#8221; in der Symbolleiste und dann &#8220;Datenschutz&#8221;. Stellen Sie die Auswahl unter &#8220;Cookies und Website-Daten&#8221; ein.<\/p>\n<h1>Rechte des Interessenten<\/h1>\n<p>Gem\u00e4\u00df der Kunst. 7 (Recht auf Zugang zu personenbezogenen Daten und anderen Rechten) des Datenschutzgesetzes sind die Rechte des Nutzers in Bezug auf die Datenverarbeitung:\nDer Interessent hat das Recht, die Angabe zu erhalten:\n&#8211; die Herkunft personenbezogener Daten;\n&#8211; die Zwecke und Methoden der Verarbeitung;\n&#8211; die Logik, die bei der Verarbeitung mit Hilfe elektronischer Werkzeuge angewendet wird;\n&#8211; die Identit\u00e4t des Eigent\u00fcmers, des Managers und des gem\u00e4\u00df Artikel 5 Absatz 2 ernannten Vertreters;\n&#8211; der Subjekte oder Kategorien von Subjekten, an die die personenbezogenen Daten \u00fcbermittelt werden k\u00f6nnen oder die als ernannter Vertreter im Staat, Manager oder Vertreter davon erfahren k\u00f6nnen.\nDer Interessent hat das Recht zu erhalten:\n&#8211; Aktualisierung, Berichtigung oder bei Interesse Integration von Daten;\n&#8211; die L\u00f6schung, Umwandlung in anonyme Form oder Sperrung von Daten, die unter Versto\u00df gegen das Gesetz verarbeitet wurden, einschlie\u00dflich solcher, die nicht f\u00fcr die Zwecke aufbewahrt werden m\u00fcssen, f\u00fcr die die Daten gesammelt oder anschlie\u00dfend verarbeitet wurden;\n&#8211; die Bescheinigung, dass die in den Buchstaben a) und b) genannten Vorg\u00e4nge auch inhaltlich denjenigen zur Kenntnis gebracht wurden, denen die Daten \u00fcbermittelt oder verbreitet wurden, au\u00dfer in dem Fall, in dem diese Erf\u00fcllung offengelegt wird unm\u00f6glich oder beinhaltet den Einsatz von Mitteln, die offensichtlich in keinem Verh\u00e4ltnis zum gesch\u00fctzten Recht stehen.\nDer Interessent hat das Recht, ganz oder teilweise Widerspruch einzulegen:\n&#8211; aus legitimen Gr\u00fcnden zur Verarbeitung personenbezogener Daten, auch wenn sie f\u00fcr den Zweck der Erhebung relevant sind;\n&#8211; zur Verarbeitung personenbezogener Daten, die ihn betreffen, zum Zwecke des Versands von Werbe- oder Direktvertriebsmaterial oder zur Durchf\u00fchrung von Marktforschungen oder kommerzieller Kommunikation.\n\nDiese Seite ist gem\u00e4\u00df dem Link unten auf allen Seiten der Website gem\u00e4\u00df Art. 4 sichtbar. 122 zweiter Absatz des Gesetzesdekrets 196\/2003 und nach den vereinfachten Verfahren f\u00fcr die Information und den Erwerb der Zustimmung zur Verwendung von Cookies, die im Amtsblatt 126 vom 3. Juni 2014 und im zugeh\u00f6rigen Ma\u00dfnahmenregister Nr. 229 vom 8. Mai 2014 ver\u00f6ffentlicht wurden.<\/p>\t\t\t\t\t<\/div>\n\t\t\t\t\t\t<\/div>\n\t\t\t\t<\/div>\n\t\t\t\t\t\t<\/div>\n\t\t\t\t\t<\/div>\n\t\t<\/div>\n\t\t\t\t\t\t\t\t<\/div>\n\t\t\t\t\t<\/div>\n\t\t<\/section>\n\t\t\t\t\t\t\t\t\t<\/div>\n\t\t\t<\/div>\n\t\t\t\t\t<\/div>\n\t\t","protected":false},"excerpt":{"rendered":"<p>Datenschutz-Bestimmungen Informationen gem\u00e4\u00df Art. 13 des Datenschutzgesetzes Alle auf dieser Website bereitgestellten Daten werden in \u00dcbereinstimmung mit den geltenden Datenschutzbestimmungen gem\u00e4\u00df Artikel 13 des Kodex des Gesetzesdekrets 196\/2003 und der Gemeinschaft (Europ\u00e4ische Verordnung zum Schutz personenbezogener Daten Nr. 679\/2016, DSGVO) verarbeitet ) und sp\u00e4tere \u00c4nderungen. Speziell: Inhaber der Behandlung Der Datenverantwortliche ist VA ALBERTONI srl [&hellip;]<\/p>\n","protected":false},"author":1,"featured_media":0,"parent":0,"menu_order":0,"comment_status":"closed","ping_status":"closed","template":"","meta":{"_mi_skip_tracking":false},"yoast_head":"<!-- This site is optimized with the Yoast SEO plugin v20.3 - https:\/\/yoast.com\/wordpress\/plugins\/seo\/ -->\n<title>Privacy Policy - va-albertoni.it<\/title>\n<meta name=\"robots\" content=\"index, follow, max-snippet:-1, max-image-preview:large, max-video-preview:-1\" \/>\n<link rel=\"canonical\" href=\"https:\/\/www.va-albertoni.it\/de\/privacy-policy\/\" \/>\n<meta property=\"og:locale\" content=\"de_DE\" \/>\n<meta property=\"og:type\" content=\"article\" \/>\n<meta property=\"og:title\" content=\"Privacy Policy - va-albertoni.it\" \/>\n<meta property=\"og:description\" content=\"Datenschutz-Bestimmungen Informationen gem\u00e4\u00df Art. 13 des Datenschutzgesetzes Alle auf dieser Website bereitgestellten Daten werden in \u00dcbereinstimmung mit den geltenden Datenschutzbestimmungen gem\u00e4\u00df Artikel 13 des Kodex des Gesetzesdekrets 196\/2003 und der Gemeinschaft (Europ\u00e4ische Verordnung zum Schutz personenbezogener Daten Nr. 679\/2016, DSGVO) verarbeitet ) und sp\u00e4tere \u00c4nderungen. Speziell: Inhaber der Behandlung Der Datenverantwortliche ist VA ALBERTONI srl [&hellip;]\" \/>\n<meta property=\"og:url\" content=\"https:\/\/www.va-albertoni.it\/de\/privacy-policy\/\" \/>\n<meta property=\"og:site_name\" content=\"va-albertoni.it\" \/>\n<meta property=\"article:modified_time\" content=\"2020-11-13T17:21:47+00:00\" \/>\n<meta name=\"twitter:card\" content=\"summary_large_image\" \/>\n<meta name=\"twitter:label1\" content=\"Gesch\u00e4tzte Lesezeit\" \/>\n\t<meta name=\"twitter:data1\" content=\"8 Minuten\" \/>\n<script type=\"application\/ld+json\" class=\"yoast-schema-graph\">{\"@context\":\"https:\/\/schema.org\",\"@graph\":[{\"@type\":\"WebPage\",\"@id\":\"https:\/\/www.va-albertoni.it\/de\/privacy-policy\/\",\"url\":\"https:\/\/www.va-albertoni.it\/de\/privacy-policy\/\",\"name\":\"Privacy Policy - va-albertoni.it\",\"isPartOf\":{\"@id\":\"https:\/\/www.va-albertoni.it\/#website\"},\"datePublished\":\"2020-09-14T15:17:37+00:00\",\"dateModified\":\"2020-11-13T17:21:47+00:00\",\"breadcrumb\":{\"@id\":\"https:\/\/www.va-albertoni.it\/de\/privacy-policy\/#breadcrumb\"},\"inLanguage\":\"de-DE\",\"potentialAction\":[{\"@type\":\"ReadAction\",\"target\":[\"https:\/\/www.va-albertoni.it\/de\/privacy-policy\/\"]}]},{\"@type\":\"BreadcrumbList\",\"@id\":\"https:\/\/www.va-albertoni.it\/de\/privacy-policy\/#breadcrumb\",\"itemListElement\":[{\"@type\":\"ListItem\",\"position\":1,\"name\":\"Home\",\"item\":\"https:\/\/www.va-albertoni.it\/\"},{\"@type\":\"ListItem\",\"position\":2,\"name\":\"Privacy Policy\"}]},{\"@type\":\"WebSite\",\"@id\":\"https:\/\/www.va-albertoni.it\/#website\",\"url\":\"https:\/\/www.va-albertoni.it\/\",\"name\":\"va-albertoni.it\",\"description\":\"La Tecnologia che semplifica\",\"publisher\":{\"@id\":\"https:\/\/www.va-albertoni.it\/#organization\"},\"potentialAction\":[{\"@type\":\"SearchAction\",\"target\":{\"@type\":\"EntryPoint\",\"urlTemplate\":\"https:\/\/www.va-albertoni.it\/?s={search_term_string}\"},\"query-input\":\"required name=search_term_string\"}],\"inLanguage\":\"de-DE\"},{\"@type\":\"Organization\",\"@id\":\"https:\/\/www.va-albertoni.it\/#organization\",\"name\":\"VA Albertoni srl\",\"url\":\"https:\/\/www.va-albertoni.it\/\",\"logo\":{\"@type\":\"ImageObject\",\"inLanguage\":\"de-DE\",\"@id\":\"https:\/\/www.va-albertoni.it\/#\/schema\/logo\/image\/\",\"url\":\"https:\/\/www.va-albertoni.it\/wp-content\/uploads\/2020\/09\/logo-Albertoni.png\",\"contentUrl\":\"https:\/\/www.va-albertoni.it\/wp-content\/uploads\/2020\/09\/logo-Albertoni.png\",\"width\":279,\"height\":125,\"caption\":\"VA Albertoni srl\"},\"image\":{\"@id\":\"https:\/\/www.va-albertoni.it\/#\/schema\/logo\/image\/\"}}]}<\/script>\n<!-- \/ Yoast SEO plugin. -->","yoast_head_json":{"title":"Privacy Policy - va-albertoni.it","robots":{"index":"index","follow":"follow","max-snippet":"max-snippet:-1","max-image-preview":"max-image-preview:large","max-video-preview":"max-video-preview:-1"},"canonical":"https:\/\/www.va-albertoni.it\/de\/privacy-policy\/","og_locale":"de_DE","og_type":"article","og_title":"Privacy Policy - va-albertoni.it","og_description":"Datenschutz-Bestimmungen Informationen gem\u00e4\u00df Art. 13 des Datenschutzgesetzes Alle auf dieser Website bereitgestellten Daten werden in \u00dcbereinstimmung mit den geltenden Datenschutzbestimmungen gem\u00e4\u00df Artikel 13 des Kodex des Gesetzesdekrets 196\/2003 und der Gemeinschaft (Europ\u00e4ische Verordnung zum Schutz personenbezogener Daten Nr. 679\/2016, DSGVO) verarbeitet ) und sp\u00e4tere \u00c4nderungen. Speziell: Inhaber der Behandlung Der Datenverantwortliche ist VA ALBERTONI srl [&hellip;]","og_url":"https:\/\/www.va-albertoni.it\/de\/privacy-policy\/","og_site_name":"va-albertoni.it","article_modified_time":"2020-11-13T17:21:47+00:00","twitter_card":"summary_large_image","twitter_misc":{"Gesch\u00e4tzte Lesezeit":"8 Minuten"},"schema":{"@context":"https:\/\/schema.org","@graph":[{"@type":"WebPage","@id":"https:\/\/www.va-albertoni.it\/de\/privacy-policy\/","url":"https:\/\/www.va-albertoni.it\/de\/privacy-policy\/","name":"Privacy Policy - va-albertoni.it","isPartOf":{"@id":"https:\/\/www.va-albertoni.it\/#website"},"datePublished":"2020-09-14T15:17:37+00:00","dateModified":"2020-11-13T17:21:47+00:00","breadcrumb":{"@id":"https:\/\/www.va-albertoni.it\/de\/privacy-policy\/#breadcrumb"},"inLanguage":"de-DE","potentialAction":[{"@type":"ReadAction","target":["https:\/\/www.va-albertoni.it\/de\/privacy-policy\/"]}]},{"@type":"BreadcrumbList","@id":"https:\/\/www.va-albertoni.it\/de\/privacy-policy\/#breadcrumb","itemListElement":[{"@type":"ListItem","position":1,"name":"Home","item":"https:\/\/www.va-albertoni.it\/"},{"@type":"ListItem","position":2,"name":"Privacy Policy"}]},{"@type":"WebSite","@id":"https:\/\/www.va-albertoni.it\/#website","url":"https:\/\/www.va-albertoni.it\/","name":"va-albertoni.it","description":"La Tecnologia che semplifica","publisher":{"@id":"https:\/\/www.va-albertoni.it\/#organization"},"potentialAction":[{"@type":"SearchAction","target":{"@type":"EntryPoint","urlTemplate":"https:\/\/www.va-albertoni.it\/?s={search_term_string}"},"query-input":"required name=search_term_string"}],"inLanguage":"de-DE"},{"@type":"Organization","@id":"https:\/\/www.va-albertoni.it\/#organization","name":"VA Albertoni srl","url":"https:\/\/www.va-albertoni.it\/","logo":{"@type":"ImageObject","inLanguage":"de-DE","@id":"https:\/\/www.va-albertoni.it\/#\/schema\/logo\/image\/","url":"https:\/\/www.va-albertoni.it\/wp-content\/uploads\/2020\/09\/logo-Albertoni.png","contentUrl":"https:\/\/www.va-albertoni.it\/wp-content\/uploads\/2020\/09\/logo-Albertoni.png","width":279,"height":125,"caption":"VA Albertoni srl"},"image":{"@id":"https:\/\/www.va-albertoni.it\/#\/schema\/logo\/image\/"}}]}},"_links":{"self":[{"href":"https:\/\/www.va-albertoni.it\/de\/wp-json\/wp\/v2\/pages\/1348"}],"collection":[{"href":"https:\/\/www.va-albertoni.it\/de\/wp-json\/wp\/v2\/pages"}],"about":[{"href":"https:\/\/www.va-albertoni.it\/de\/wp-json\/wp\/v2\/types\/page"}],"author":[{"embeddable":true,"href":"https:\/\/www.va-albertoni.it\/de\/wp-json\/wp\/v2\/users\/1"}],"replies":[{"embeddable":true,"href":"https:\/\/www.va-albertoni.it\/de\/wp-json\/wp\/v2\/comments?post=1348"}],"version-history":[{"count":9,"href":"https:\/\/www.va-albertoni.it\/de\/wp-json\/wp\/v2\/pages\/1348\/revisions"}],"predecessor-version":[{"id":3249,"href":"https:\/\/www.va-albertoni.it\/de\/wp-json\/wp\/v2\/pages\/1348\/revisions\/3249"}],"wp:attachment":[{"href":"https:\/\/www.va-albertoni.it\/de\/wp-json\/wp\/v2\/media?parent=1348"}],"curies":[{"name":"wp","href":"https:\/\/api.w.org\/{rel}","templated":true}]}}